{"id":339,"date":"2020-10-22T15:11:07","date_gmt":"2020-10-22T19:11:07","guid":{"rendered":"http:\/\/ayuntamiento.o\/transparencia\/?page_id=339"},"modified":"2020-10-22T13:44:04","modified_gmt":"2020-10-22T17:44:04","slug":"como-ser-proveedor","status":"publish","type":"page","link":"https:\/\/distritomunicipalveragua.gob.do\/transparencia\/como-ser-proveedor\/","title":{"rendered":"\u00bfC\u00f3mo ser proveedor?"},"content":{"rendered":"<p><strong>JUNTA DISTRITAL DE VERAGUA<\/strong><\/p>\n<p>Veragua, Gaspar Hern\u00e1ndez, Rep\u00fablica Dominicana<\/p>\n<p>RNC-406011313<\/p>\n<p>&nbsp;<\/p>\n<p><strong>COMO SER PROVEEDOR DEL ESTADO <\/strong><\/p>\n<p>&nbsp;<\/p>\n<p>Vender tus productos o servicios al <strong>Estado dominicano <\/strong>es una posibilidad que deber\u00edas analizar porque las instituciones p\u00fablicas suelen tener necesidades de materiales, insumos y servicios especializados, y frecuentemente convocan a proveedores locales para abastecerlas.<\/p>\n<p>De hecho, recientemente se est\u00e1 motivando a que <strong>empresas PYME <\/strong>puedan participar activamente en este tipo de licitaciones o contrataciones p\u00fablicas, pero \u00bfsabes c\u00f3mo puedes hacer para convertirte en proveedor del Estado? Aqu\u00ed te mostramos lo que necesitas.<\/p>\n<p>El art\u00edculo ocho de la <strong>Ley 340-06 de Compras y Contrataciones P\u00fablicas <\/strong>indica que las personas naturales o jur\u00eddicas interesadas en participar en cualquier proceso de compra o contrataci\u00f3n deben estar inscritas en el correspondiente registro, o conjuntamente con la entrega de ofertas, deber\u00e1n presentar copia de la solicitud de inscripci\u00f3n en el registro, con la constancia de recepci\u00f3n del documento por parte de la Direcci\u00f3n General de Contrataciones P\u00fablicas (DGCP)<\/p>\n<p><strong>Las inscripciones <\/strong>se formalizan previas a la evaluaci\u00f3n de las ofertas que hayan en determinado momento.<\/p>\n<p>Los requisitos que debes cumplir para ser proveedor del Estado variar\u00e1n dependiendo del tipo de personer\u00eda que tengas (f\u00edsica o jur\u00eddica) o si tienes asociaciones o cooperativas.<\/p>\n<p>El art\u00edculo 11 de la Ley 340-06 detalla cu\u00e1les son los procesos para cada ocasi\u00f3n.<\/p>\n<p><strong>Persona f\u00edsica. <\/strong>En este caso se deben presentar los siguientes documentos:<\/p>\n<ol>\n<li>Copia de la c\u00e9dula de identidad y electoral del solicitante.<\/li>\n<li>Original de la certificaci\u00f3n emitida por la Direcci\u00f3n General de Impuestos Internos donde se establezca que se encuentra al d\u00eda en el pago de sus obligaciones fiscales al momento de la inscripci\u00f3n.<\/li>\n<li>Certificaci\u00f3n de colegiatura, si procede.<\/li>\n<li>Declaraci\u00f3n Jurada donde manifieste que no se encuentra afectado por las prohibiciones establecidas en el Art\u00edculo 14 de la Ley 340-06.<\/li>\n<\/ol>\n<p>&nbsp;<\/p>\n<p>&nbsp;<\/p>\n<ol start=\"5\">\n<li>Declaraci\u00f3n Jurada donde manifieste si tiene o no juicio con el Estado dominicano o sus entidades del gobierno central, de las instituciones descentralizadas y aut\u00f3nomas no financieras, y de las instituciones p\u00fablicas de la Seguridad Social.<\/li>\n<\/ol>\n<p>&nbsp;<\/p>\n<p><strong>Persona jur\u00eddica <\/strong>(es la <strong>forma jur\u00eddica que adoptan la mayor\u00eda de las empresas PYME <\/strong>en nuestro pa\u00eds) debe presentar:<\/p>\n<ol>\n<li>Copia del Registro Nacional del Contribuyente (RNC).<\/li>\n<li>Copia del Certificado de Registro Mercantil actualizado.<\/li>\n<li>Copia de los Estatutos Sociales, debidamente registrados, certificados como conforme a su original por el secretario y el presidente de la empresa o por la persona con calidad para hacerlo. Adem\u00e1s, sellados con el sello social de la compa\u00f1\u00eda.<\/li>\n<li>Lista de la composici\u00f3n accionaria actualizada, debidamente registrada, certificada como conforme a su original por el secretario y el presidente de la compa\u00f1\u00eda, y sellada con el sello social.<\/li>\n<li>Lista de presencia y acta de la \u00faltima Asamblea General Ordinaria Anual, por la cual se nombre el actual Consejo de Administraci\u00f3n, debidamente registrados, certificados como conforme a su original por el secretario y el presidente de la compa\u00f1\u00eda y sellados con el sello social.<\/li>\n<li>Acta de Delegaci\u00f3n de Poderes, si procede.<\/li>\n<li><strong>Estados financieros del \u00faltimo per\u00edodo fiscal, <\/strong>certificado por un contador p\u00fablico autorizado. En caso de la empresa tener m\u00e1s de un a\u00f1o de constituida.<\/li>\n<li>Declaraci\u00f3n jurada del solicitante en la que manifieste que no se encuentra afectado por las prohibiciones establecidas en el art\u00edculo 14 de la Ley 340-06.<\/li>\n<li>Declaraci\u00f3n jurada donde manifieste si tiene o no juicios con el Estado dominicano o sus entidades del gobierno central, de las Instituciones descentralizadas y aut\u00f3nomas no financieras, y de las instituciones p\u00fablicas de la seguridad social, o si est\u00e1 sometida a un proceso de quiebra.<\/li>\n<li>Declaraci\u00f3n relativa al volumen global de negocios ya las obras, suministros, servicios o trabajos realizados durante los \u00faltimos cinco a\u00f1os o durante un plazo mayor si as\u00ed fuere requerida.<\/li>\n<li>Certificado del Ministerio de Estado de Industria y Comercio de que la PYME misma satisface las condiciones y requisitos establecidos por dicha instituci\u00f3n.<\/li>\n<\/ol>\n<p>&nbsp;<\/p>\n<p>En el caso de las <strong>asociaciones sin fines de lucro: <\/strong><\/p>\n<ol>\n<li>Completar el formulario de solicitud.<\/li>\n<li>Registro de incorporaci\u00f3n emitido por la Procuradur\u00eda General de la Rep\u00fablica, de la Procuradur\u00eda General de la Corte de Apelaci\u00f3n correspondiente.<\/li>\n<li>Copia del certificado de inscripci\u00f3n en el Centro Nacional de Fomento y Promoci\u00f3n a las asociaciones sin fines de lucro del Ministerio de Econom\u00eda, Planificaci\u00f3n y Desarrollo.<\/li>\n<li>Relaci\u00f3n de su membrec\u00eda.<\/li>\n<li>Declaraci\u00f3n jurada donde certifique que sus miembros no son funcionarios de primer y segundo nivel de jerarqu\u00eda de las instituciones del Estado, y que no se encuentran afectados por las dem\u00e1s prohibiciones establecidas en el art\u00edculo No. 14 de la Ley No. 340-06 y sus modificaciones.<\/li>\n<\/ol>\n<p>&nbsp;<\/p>\n<p>Para <strong>cooperativas: <\/strong><\/p>\n<ol>\n<li>Completar el formulario de solicitud.<\/li>\n<li>Copia registrada del Decreto de Incorporaci\u00f3n de la cooperativa.<\/li>\n<li>Certificaci\u00f3n de <strong>IDECOOP <\/strong>de la existencia de la cooperativa.<\/li>\n<li>N\u00f3mina de asociados.<\/li>\n<li>Declaraci\u00f3n jurada donde certifique que sus asociados no son funcionarios de primer y segundo nivel de jerarqu\u00eda de las instituciones del Estado, y que no se encuentran afectados por las dem\u00e1s prohibiciones establecidas en el art\u00edculo No. 14 de la Ley No. 340-06 y sus modificaciones.<\/li>\n<\/ol>\n<p>&nbsp;<\/p>\n<p>Es preciso indicar que si eres una <strong>persona natural o jur\u00eddica extranjera <\/strong>es necesario que deposites los documentos que en tu pa\u00eds sean equivalentes a los que se solicitan en Rep\u00fablica Dominicana. Adem\u00e1s, deben estar traducidos al idioma espa\u00f1ol y apostillado en conformidad al acuerdo que haya entre tu pa\u00eds de origen y Rep\u00fablica Dominicana.<\/p>\n<p>Cuando obtienes estos documentos procede a descargar y llenar el formulario de Registro de Proveedores del Estado que se encuentra en la p\u00e1gina web de la Direcci\u00f3n General de Contrataciones P\u00fablicas<\/p>\n<p>Cuando entregas la documentaci\u00f3n se procede a certificar y validarla. Luego de que la validan, la instituci\u00f3n la aprueba y te otorga un n\u00famero en el registro de proveedores del Estado.<\/p>\n<p>Finalmente, cuando ya tengas el n\u00famero podr\u00e1s pasar por la Oficina de Registro de Proveedores del Estado a buscar tu constancia de inscripci\u00f3n o bien puedes imprimirla a trav\u00e9s de ese portal.<\/p>\n","protected":false},"excerpt":{"rendered":"JUNTA DISTRITAL DE VERAGUA Veragua, Gaspar Hern\u00e1ndez, Rep\u00fablica Dominicana RNC-406011313 &nbsp; COMO SER PROVEEDOR DEL ESTADO &nbsp; Vender tus productos o servicios al Estado dominicano es una posibilidad que deber\u00edas analizar porque las instituciones p\u00fablicas suelen tener necesidades de materiales, insumos y servicios especializados, y frecuentemente convocan a proveedores locales para abastecerlas. De hecho, recientemente&#8230;","protected":false},"author":3,"featured_media":0,"parent":0,"menu_order":0,"comment_status":"closed","ping_status":"closed","template":"","meta":[],"acf":[],"_links":{"self":[{"href":"https:\/\/distritomunicipalveragua.gob.do\/transparencia\/wp-json\/wp\/v2\/pages\/339"}],"collection":[{"href":"https:\/\/distritomunicipalveragua.gob.do\/transparencia\/wp-json\/wp\/v2\/pages"}],"about":[{"href":"https:\/\/distritomunicipalveragua.gob.do\/transparencia\/wp-json\/wp\/v2\/types\/page"}],"author":[{"embeddable":true,"href":"https:\/\/distritomunicipalveragua.gob.do\/transparencia\/wp-json\/wp\/v2\/users\/3"}],"replies":[{"embeddable":true,"href":"https:\/\/distritomunicipalveragua.gob.do\/transparencia\/wp-json\/wp\/v2\/comments?post=339"}],"version-history":[{"count":2,"href":"https:\/\/distritomunicipalveragua.gob.do\/transparencia\/wp-json\/wp\/v2\/pages\/339\/revisions"}],"predecessor-version":[{"id":363,"href":"https:\/\/distritomunicipalveragua.gob.do\/transparencia\/wp-json\/wp\/v2\/pages\/339\/revisions\/363"}],"wp:attachment":[{"href":"https:\/\/distritomunicipalveragua.gob.do\/transparencia\/wp-json\/wp\/v2\/media?parent=339"}],"curies":[{"name":"wp","href":"https:\/\/api.w.org\/{rel}","templated":true}]}}